{"id":11,"date":"2023-06-05T13:42:01","date_gmt":"2023-06-05T18:42:01","guid":{"rendered":"https:\/\/donation.ebp.pe\/?post_type=product&#038;p=11"},"modified":"2024-07-11T16:17:22","modified_gmt":"2024-07-11T21:17:22","slug":"scholarships-for-coar-teachers","status":"publish","type":"product","link":"https:\/\/www.markham.edu.pe\/gala\/spa\/proyecto\/scholarships-for-coar-teachers\/","title":{"rendered":"Becas para los profesores COAR"},"content":{"rendered":"<p>El trabajo con los Colegios de Alto Rendimiento (COAR) del Estado inici\u00f3 hace seis a\u00f1os en el marco del convenio de colaboraci\u00f3n mutua interinstitucional entre el Patronato Markham y el MINEDU con la finalidad de contribuir a la educaci\u00f3n del pa\u00eds. Desde entonces, el Markham ha capacitado a 100 docentes de los COAR de las 25 regiones del Per\u00fa. Adicionalmente a este proyecto, entre los a\u00f1os 2016 a 2019 se capacit\u00f3 a m\u00e1s de 400 docentes de colegios privados cuyos est\u00e1ndares de logros de aprendizaje de MINEDU estaban por debajo de los colegios p\u00fablicos en matem\u00e1tica y lecto escritura desde 2015 hasta 2019.<\/p>\n<p>En 2021 el Departamento de Castellano del Markham en coordinaci\u00f3n con el Patronato brind\u00f3 el primer taller en l\u00ednea sobre estrategias pedag\u00f3gicas para el curso de Castellano del Bachillerato en el que participaron 32 profesores COAR de colegios p\u00fablicos.<\/p>\n<p>En 2022 se continuaron los talleres y se capacit\u00f3 a 40 docentes de distintas zonas del pa\u00eds. En 2023, 57 docentes visitar\u00e1n el Markham para participar en talleres de distintas materias del Bachillerato Internacional: ingl\u00e9s, qu\u00edmica, f\u00edsica, artes visuales, m\u00fasica, monograf\u00eda, historia y capacitaci\u00f3n de coordinadores. Este a\u00f1o, adem\u00e1s, una delegaci\u00f3n de profesores del Markham viajar\u00e1 en octubre a distintos COAR de Lima, Piura e Ica a dictar talleres en las materias de Arte, Teatro y Educaci\u00f3n F\u00edsica. Cabe mencionar que esta iniciativa ha sido posible gracias a las diversas donaciones de los miembros de la Comunidad Markham que han permitido que el Patronato Markham financie al 100% los talleres, pasajes, alimentaci\u00f3n y hospedaje de los docentes.<\/p>","protected":false},"excerpt":{"rendered":"<p>El trabajo con los Colegios de Alto Rendimiento (COAR) del Estado inici\u00f3 hace seis a\u00f1os en el marco del convenio de colaboraci\u00f3n mutua interinstitucional entre el Patronato Markham y el MINEDU con la finalidad de contribuir a la educaci\u00f3n del pa\u00eds. Desde entonces, el Markham ha capacitado a 100 docentes de los COAR de las &hellip; <\/p>\n<p class=\"link-more\"><a href=\"https:\/\/www.markham.edu.pe\/gala\/spa\/proyecto\/scholarships-for-coar-teachers\/\" class=\"more-link\">Continuar leyendo<span class=\"screen-reader-text\"> &#8220;Scholarships for COAR teachers&#8221;<\/span><\/a><\/p>","protected":false},"featured_media":5830,"template":"","meta":{"inline_featured_image":false},"product_cat":[66],"product_tag":[],"class_list":["post-11","product","type-product","status-publish","has-post-thumbnail","hentry","product_cat-proyectos-simples","cpw-product"],"acf":[],"_links":{"self":[{"href":"https:\/\/www.markham.edu.pe\/gala\/spa\/wp-json\/wp\/v2\/product\/11","targetHints":{"allow":["GET"]}}],"collection":[{"href":"https:\/\/www.markham.edu.pe\/gala\/spa\/wp-json\/wp\/v2\/product"}],"about":[{"href":"https:\/\/www.markham.edu.pe\/gala\/spa\/wp-json\/wp\/v2\/types\/product"}],"wp:featuredmedia":[{"embeddable":true,"href":"https:\/\/www.markham.edu.pe\/gala\/spa\/wp-json\/wp\/v2\/media\/5830"}],"wp:attachment":[{"href":"https:\/\/www.markham.edu.pe\/gala\/spa\/wp-json\/wp\/v2\/media?parent=11"}],"wp:term":[{"taxonomy":"product_cat","embeddable":true,"href":"https:\/\/www.markham.edu.pe\/gala\/spa\/wp-json\/wp\/v2\/product_cat?post=11"},{"taxonomy":"product_tag","embeddable":true,"href":"https:\/\/www.markham.edu.pe\/gala\/spa\/wp-json\/wp\/v2\/product_tag?post=11"}],"curies":[{"name":"wp","href":"https:\/\/api.w.org\/{rel}","templated":true}]}}