{"id":2537,"date":"2023-08-17T09:45:32","date_gmt":"2023-08-17T14:45:32","guid":{"rendered":"https:\/\/www.markham.edu.pe\/gala\/?page_id=2537"},"modified":"2024-07-08T15:33:01","modified_gmt":"2024-07-08T20:33:01","slug":"institutional-advancement","status":"publish","type":"page","link":"https:\/\/www.markham.edu.pe\/gala\/spa\/institutional-advancement\/","title":{"rendered":""},"content":{"rendered":"<div class=\"vce-row-container\" data-vce-boxed-width=\"true\"><div class=\"vce-row vce-row--col-gap-30 vce-row-equal-height vce-row-content--top\" id=\"el-6702f5ef\" data-vce-do-apply=\"all el-6702f5ef\"><div class=\"vce-content-background-container\"><\/div><div class=\"vce-row-content\" data-vce-element-content=\"true\"><div class=\"vce-col vce-col--md-auto vce-col--xs-1 vce-col--xs-last vce-col--xs-first vce-col--sm-last vce-col--sm-first vce-col--md-last vce-col--lg-last vce-col--xl-last vce-col--md-first vce-col--lg-first vce-col--xl-first\" id=\"el-3e4cacb8\"><div class=\"vce-col-inner\" data-vce-do-apply=\"border margin background  el-3e4cacb8\"><div class=\"vce-content-background-container\"><\/div><div class=\"vce-col-content\" data-vce-element-content=\"true\" data-vce-do-apply=\"padding el-3e4cacb8\"><div class=\"vce-google-fonts-heading vce-google-fonts-heading--align-center vce-google-fonts-heading--color-b-255-192-0--45--5C00FF--FF7200 vce-google-fonts-heading--font-family-Playfair-Display\"><div class=\"vce-google-fonts-heading-wrapper\"><div class=\"vce-google-fonts-heading--background vce\" id=\"el-a8834a21\" data-vce-do-apply=\"border background  padding margin el-a8834a21\"><h1 class=\"vce-google-fonts-heading-inner\" style=\"font-weight: 700; font-style: normal;\">AVANCE INSTITUCIONAL<\/h1><\/div><\/div><\/div><\/div><\/div><\/div><\/div><\/div><\/div><div class=\"vce-row-container\" data-vce-boxed-width=\"true\"><div class=\"vce-row vce-row--col-gap-30 vce-row-equal-height vce-row-content--top\" id=\"el-1cdad315\" data-vce-do-apply=\"all el-1cdad315\"><div class=\"vce-row-content\" data-vce-element-content=\"true\"><div class=\"vce-col vce-col--md-46p vce-col--xs-1 vce-col--xs-last vce-col--xs-first vce-col--sm-last vce-col--sm-first vce-col--md-first vce-col--lg-first vce-col--xl-first\" id=\"el-926264b5\"><div class=\"vce-col-inner\" data-vce-do-apply=\"border margin background  el-926264b5\"><div class=\"vce-col-content\" data-vce-element-content=\"true\" data-vce-do-apply=\"padding el-926264b5\"><div class=\"vce-text-block\"><div class=\"vce-text-block-wrapper vce\" id=\"el-9b2ebafe\" data-vce-do-apply=\"all el-9b2ebafe\"><p style=\"text-align: justify;\"><span style=\"font-weight: 400; color: #ffffff;\">Markham College estableci\u00f3 el Departamento de Avance Institucional, un hito en el progreso y crecimiento del colegio. Esta \u00e1rea es vital para promover la misi\u00f3n, visi\u00f3n y valores del Markham. Avance Institucional fomenta las relaciones entre los miembros de la comunidad, ex alumnos y  grupos de inter\u00e9s con iniciativas estrat\u00e9gicas que aseguren los recursos necesarios para mejorar la experiencia educativa y los programas de responsabilidad social. \nEn el Markham creemos que la responsabilidad social y la colaboraci\u00f3n son fundamentales para el \u00e9xito.&nbsp;<\/span><\/p><p style=\"text-align: justify;\"><span style=\"font-weight: 400; color: #ffffff;\">En el Markham creemos firmemente que la responsabilidad social y la colaboraci\u00f3n son fundamentales para nuestro \u00e9xito.&nbsp;<\/span><\/p><\/div><\/div><\/div><\/div><\/div><div class=\"vce-col vce-col--md-54p vce-col--xs-1 vce-col--xs-last vce-col--xs-first vce-col--sm-last vce-col--sm-first vce-col--md-last vce-col--lg-last vce-col--xl-last\" id=\"el-fde09b95\"><div class=\"vce-col-inner\" data-vce-do-apply=\"border margin background  el-fde09b95\"><div class=\"vce-col-content\" data-vce-element-content=\"true\" data-vce-do-apply=\"padding el-fde09b95\"><div class=\"vce-simple-image-slider\" style=\"--backgroundPosition: center center; --pointerColor: #fff; --pointerColorHover: #fd9a00;\"><div class=\"vce-simple-image-slider-wrapper vce\" id=\"el-26161711\" data-vce-do-apply=\"all el-26161711\"><div class=\"vce-simple-image-slider-helper vce-simple-image-slider-aspect-ratio--16-9\"><div class=\"vce-simple-image-slider-list\" data-slick-autoplay=\"on\" data-slick-autoplay-delay=\"2000\" data-slick-effect=\"slideIn\" data-slick-dots=\"on\" data-slick-arrows=\"off\"><div class=\"slick-list\"><div class=\"slick-track\"><div class=\"vce-simple-image-slider-item vc-slick-item\"><div style=\"background-image:url(https:\/\/www.markham.edu.pe\/gala\/wp-content\/uploads\/2023\/08\/Advancement-01-scaled.jpg)\" class=\"vce-simple-image-slider-img vce-simple-image-slider-img--scale\"><img decoding=\"async\" class=\"\" src=\"https:\/\/www.markham.edu.pe\/gala\/wp-content\/uploads\/2023\/08\/Advancement-01-scaled.jpg\" style=\"display:none\" alt=\"\"><\/div><\/div><div class=\"vce-simple-image-slider-item vc-slick-item\"><div style=\"background-image:url(https:\/\/www.markham.edu.pe\/gala\/wp-content\/uploads\/2023\/08\/MG_1825-scaled.jpg)\" class=\"vce-simple-image-slider-img vce-simple-image-slider-img--scale\"><img decoding=\"async\" class=\"\" src=\"https:\/\/www.markham.edu.pe\/gala\/wp-content\/uploads\/2023\/08\/MG_1825-scaled.jpg\" style=\"display:none\" alt=\"\"><\/div><\/div><div class=\"vce-simple-image-slider-item vc-slick-item\"><div style=\"background-image:url(https:\/\/www.markham.edu.pe\/gala\/wp-content\/uploads\/2023\/08\/MG_1937-scaled.jpg)\" class=\"vce-simple-image-slider-img vce-simple-image-slider-img--scale\"><img decoding=\"async\" class=\"\" src=\"https:\/\/www.markham.edu.pe\/gala\/wp-content\/uploads\/2023\/08\/MG_1937-scaled.jpg\" style=\"display:none\" alt=\"\"><\/div><\/div><\/div><\/div><\/div><div class=\"vce-simple-image-slider-dots\"><\/div><\/div><\/div><\/div><\/div><\/div><\/div><\/div><\/div><\/div>","protected":false},"excerpt":{"rendered":"<p>INSTITUTIONAL ADVANCEMENTMarkham College has established the Institutional Advancement area that marks a milestone in our school\u00b4s growth and progress. Institutional Advancement is vital in furthering our school\u00b4s mission, vision and values. This department will foster strong relationships with our community members, alumni and external stakeholders while spearheading strategic initiatives to secure resources to enhance the &hellip; <\/p>\n<p class=\"link-more\"><a href=\"https:\/\/www.markham.edu.pe\/gala\/spa\/institutional-advancement\/\" class=\"more-link\">Continuar leyendo<span class=\"screen-reader-text\"> &#8220;&#8221;<\/span><\/a><\/p>","protected":false},"author":1,"featured_media":0,"parent":0,"menu_order":0,"comment_status":"closed","ping_status":"closed","template":"","meta":{"inline_featured_image":false,"footnotes":""},"class_list":["post-2537","page","type-page","status-publish","hentry"],"acf":[],"_links":{"self":[{"href":"https:\/\/www.markham.edu.pe\/gala\/spa\/wp-json\/wp\/v2\/pages\/2537","targetHints":{"allow":["GET"]}}],"collection":[{"href":"https:\/\/www.markham.edu.pe\/gala\/spa\/wp-json\/wp\/v2\/pages"}],"about":[{"href":"https:\/\/www.markham.edu.pe\/gala\/spa\/wp-json\/wp\/v2\/types\/page"}],"author":[{"embeddable":true,"href":"https:\/\/www.markham.edu.pe\/gala\/spa\/wp-json\/wp\/v2\/users\/1"}],"replies":[{"embeddable":true,"href":"https:\/\/www.markham.edu.pe\/gala\/spa\/wp-json\/wp\/v2\/comments?post=2537"}],"version-history":[{"count":14,"href":"https:\/\/www.markham.edu.pe\/gala\/spa\/wp-json\/wp\/v2\/pages\/2537\/revisions"}],"predecessor-version":[{"id":4514,"href":"https:\/\/www.markham.edu.pe\/gala\/spa\/wp-json\/wp\/v2\/pages\/2537\/revisions\/4514"}],"wp:attachment":[{"href":"https:\/\/www.markham.edu.pe\/gala\/spa\/wp-json\/wp\/v2\/media?parent=2537"}],"curies":[{"name":"wp","href":"https:\/\/api.w.org\/{rel}","templated":true}]}}